{"id":24131,"date":"2024-09-18T00:03:53","date_gmt":"2024-09-17T21:03:53","guid":{"rendered":"https:\/\/www.stylediary.ro\/wordpress\/?page_id=24131"},"modified":"2025-07-28T14:33:08","modified_gmt":"2025-07-28T11:33:08","slug":"arhitectura-siluetei","status":"publish","type":"page","link":"https:\/\/www.stylediary.ro\/wordpress\/arhitectura-siluetei\/","title":{"rendered":"Arhitectura siluetei"},"content":{"rendered":"\n<p>Sa \u0219tii cum sa iti \u00eembraci corect silueta este aspectul de baza al construirii unui stil personal inconfundabil, armonios \u0219i autentic. O data ce \u00eencepi sa pui \u00een aplicare principiile de styling invatate, nu vei mai avea \u00eendoieli cu privire la frumuse\u021bea \u021binutelor tale, nu vei mai pierde timp la shopping \u0219i nu vei mai arunca banii pe piese care nu te avantajeaz\u0103.&nbsp;<\/p>\n\n\n\n<p><strong><mark style=\"background-color:#fcb900\" class=\"has-inline-color\">Silueta ta e unica.<\/mark><\/strong><\/p>\n\n\n\n<p><strong><mark style=\"background-color:#fcb900\" class=\"has-inline-color\">E\u0219ti \u00een punctul \u00een care doar ai nevoie sa \u00eenve\u021bi cum sa o \u00eembraci cu u\u0219urin\u021b\u0103 \u0219i cu drag, ca sa te sim\u021bi tu \u00eens\u0103\u021bi \u0219i libera de constr\u00e2ngeri, ca sa te recuno\u0219ti cu \u00eenc\u00e2ntare \u00een oglinda<\/mark>.<\/strong><\/p>\n\n\n\n<p><em><strong>C\u00e2nd \u00eenve\u021bi sa te \u00eembraci \u00een func\u021bie de conturul, propor\u021biile \u0219i dimensiunile corpului t\u0103u, vei \u0219tii:<\/strong><\/em><\/p>\n\n\n\n<ul class=\"wp-block-list\">\n<li>sa iti subliniezi tr\u0103s\u0103turile fizice care deja iti plac \u0219i sa plasezi \u00eentr-un con de umbra acele zone care iti creeaz\u0103 disconfort<\/li>\n\n\n\n<li>sa nu te cramponezi doar de 2-3 croieli, ci sa prive\u0219ti ansamblul \u021binutei<\/li>\n\n\n\n<li>sa ai \u00eencredere \u00een deciziile tale vestimentare, sa fii o cump\u0103r\u0103toare educata \u0219i informata, sa iti investe\u0219ti banii, timpul \u0219i energia \u00een achizi\u021biile cele mai bune pentru tine<\/li>\n<\/ul>\n\n\n\n<div class=\"wp-block-buttons is-content-justification-center is-layout-flex wp-container-core-buttons-is-layout-16018d1d wp-block-buttons-is-layout-flex\">\n<div class=\"wp-block-button has-custom-width wp-block-button__width-50 has-custom-font-size is-style-fill has-medium-font-size\"><a class=\"wp-block-button__link has-white-color has-vivid-red-background-color has-text-color has-background has-text-align-center wp-element-button\" href=\"mailto:inscrieri@imagematters.ro\" target=\"_blank\" rel=\"noreferrer noopener\">Vreau sa invat cum sa ma imbrac!<\/a><\/div>\n<\/div>\n\n\n\n<h3 class=\"wp-block-heading\"><strong>Ce prime\u0219ti \u0219i \u00eenve\u021bi \u00een \u0219edin\u021ba de Arhitectura Siluetei<\/strong><\/h3>\n\n\n\n<p><strong><mark style=\"background-color:#fcb900\" class=\"has-inline-color\">Tipul t\u0103u de silueta<\/mark><\/strong><\/p>\n\n\n\n<ul class=\"wp-block-list\">\n<li>\u00een ce morfologie te \u00eencadrezi \u00een func\u021bie de forma, propor\u021biile, dimensiunile \u0219i statura corpului t\u0103u<\/li>\n\n\n\n<li>de ce nu e cazul sa faci vreo leg\u0103tur\u0103 \u00eentre circumferin\u021be \u0219i tipul t\u0103u de silueta<\/li>\n\n\n\n<li>care sunt punctele forte ale siluetei tale<\/li>\n\n\n\n<li>de ce conteaz\u0103 sa \u0219tii cum sa iti \u00eembraci silueta, f\u0103r\u0103 sa faci din asta \u201ccheia de bolta\u201d a stilului t\u0103u (stilul personal e mai important dec\u00e2t regulile legate de siluete!)<\/li>\n<\/ul>\n\n\n\n<p><strong><mark style=\"background-color:#fcb900\" class=\"has-inline-color\">Principii de stilism \u0219i construc\u021bie de \u021binute<\/mark><\/strong><\/p>\n\n\n\n<ul class=\"wp-block-list\">\n<li>cum folose\u0219ti croielile, volumele, texturile, culorile \u0219i accesoriile pentru a-\u021bi armoniza \u0219i echilibra conturul corpului<\/li>\n\n\n\n<li>cele mai bune recomand\u0103ri de croieli, lungimi \u0219i volume pentru silueta ta<\/li>\n\n\n\n<li>ce croieli \u0219i tipuri de \u021binute sa eviti pentru conforma\u021bia ta<\/li>\n\n\n\n<li>5 tinute-cheie pentru tipul t\u0103u de silueta, pe care le po\u021bi recrea indiferent de stilul t\u0103u<\/li>\n\n\n\n<li>care sunt brandurile, atelierele \u0219i magazinele care ofer\u0103 croieli potrivite conforma\u021biei tale<\/li>\n<\/ul>\n\n\n\n<p><strong><mark style=\"background-color:#fcb900\" class=\"has-inline-color\">A\u0219a da, A\u0219a nu pentru silueta ta. Tehnici de styling<\/mark><\/strong><\/p>\n\n\n\n<p>Exemple, ilustra\u021bii \u0219i recomand\u0103ri pentru a corecta, realiza sau echilibra:<\/p>\n\n\n\n<ul class=\"wp-block-list\">\n<li>statura (a p\u0103rea mai \u00eenalt\u0103 sau mai scunda)<\/li>\n\n\n\n<li>talia (sublinierea, marcarea sau sugerarea)<\/li>\n\n\n\n<li>abdomenul (aplatiza, camufla sau reduce vizual zona mediana)<\/li>\n\n\n\n<li>decolteul, umerii, pieptul (a mari, la\u021bi, mic\u0219ora sau atrage aten\u021bia)<\/li>\n\n\n\n<li>bra\u021bele, soldurile (ascunde, sub\u021bia, sublinia)<\/li>\n\n\n\n<li>reconturarea siluetei \u00een general (sub\u021bia, defini sau feminiza)&nbsp;<\/li>\n<\/ul>\n\n\n\n<p>Vei vedea ca nu exista nici magie \u00een spatele \u021binutelor care \u021bi se potrivesc, \u0219i nici nu vom merge pe ghicite. Tot ce vei descoperi se bazeaz\u0103 pe logica, pe principii preluate din arta, design sau matematica, pe principii \u0219i recomand\u0103ri clare pe care le vei putea \u00eenva\u021b\u0103 foarte u\u0219or. Vei avea la dispozi\u021bie informa\u021bii \u0219i instrumente pentru a crea \u021binute care subliniaz\u0103 armonia \u0219i frumuse\u021bea corpului feminin, indiferent de conturul sau dimensiunea acestuia.<\/p>\n\n\n\n<p><strong><mark style=\"background-color:#fcb900\" class=\"has-inline-color\">Live Coaching &amp; sesiune de Q&amp;A<\/mark><\/strong><\/p>\n\n\n\n<p>\u0218edin\u021ba se desf\u0103\u0219oar\u0103 live, este 100% personalizata \u00een func\u021bie de obiectivele \u0219i morfologia ta. Vei primi recomand\u0103ri particularizate \u0219i vei primi raspunsuri la toate \u00eentreb\u0103rile pe care le adresezi \u00een timpul sesiunii &#8211; \u0219i dup\u0103, pentru ca timp de 3 saptamani ramai in legatura stransa cu Irina!<\/p>\n\n\n\n<p>Vei \u00eenva\u021ba cum asortezi diferite articole vestimentare, de ce e important sa adaugi pete de culoare \u0219i texturi \u00een \u021binute, cum schimbi nivelul de eleganta al \u021binutelor prin accesorizare sau schimbarea unei singure piese vestimentare, cum iti po\u021bi preg\u0103ti \u021binutele pe c\u00e2te o s\u0103pt\u0103m\u00e2n\u0103 \u00een avans, care sunt elementele pe care le adaugi unui outfit basic ca sa \u00eel transformi \u00eentr-unul remarcabil, care sunt piesele de baza din orice garderoba, cum verifici versatilitatea unei haine \u00eenainte de a o cumpara\u2026 \u0219i multe altele!<\/p>\n\n\n\n<p><strong><mark style=\"background-color:#fcb900\" class=\"has-inline-color\">\u00cen concluzie, ce \u00eenve\u021bi?<\/mark><\/strong><\/p>\n\n\n\n<ul class=\"wp-block-list\">\n<li>\u00cen ce conforma\u021bie te \u00eencadrezi \u0219i care iti sunt propor\u021biile<\/li>\n\n\n\n<li>Cum combini orice tip de croiala pentru a crea \u021binuta \u0219i \u201clinia\u201d care se potrivesc siluetei tale<\/li>\n\n\n\n<li>Care sunt elemente \u0219i detaliile de care sa \u021bii cont c\u00e2nd te \u00eembraci, ca sa te \u00eenc\u00e2nte rezultatul<\/li>\n\n\n\n<li>Sa st\u0103p\u00e2ne\u0219ti nenum\u0103rate tehnici de styling, care vor face ca toate \u021binutele tale sa fie remarcate \u0219i remarcabile, \u00een loc de impersonale \u0219i invizibile!<\/li>\n<\/ul>\n\n\n\n<p>\u0218i cum sa pui toate aceste informa\u021bii \u00een practica, zi de zi, cu pl\u0103cere \u0219i cu u\u0219urin\u021b\u0103.&nbsp;<\/p>\n\n\n\n<h2 class=\"wp-block-heading\"><strong>C\u00e2t dureaz\u0103?<\/strong><\/h2>\n\n\n\n<p>\u00centre 1.5 &#8211; 2 ore<\/p>\n\n\n\n<h2 class=\"wp-block-heading\"><strong>C\u00e2t costa?<\/strong><\/h2>\n\n\n\n<h1 class=\"wp-block-heading has-text-align-center\"><strong><mark style=\"background-color:rgba(0, 0, 0, 0)\" class=\"has-inline-color has-vivid-red-color\">680 lei<\/mark><\/strong><\/h1>\n\n\n\n<h2 class=\"wp-block-heading\"><strong>Cum m\u0103 \u00eenscriu \u0219i imi programez \u0219edin\u021ba de Arhitectura siluetei?<\/strong><\/h2>\n\n\n\n<p>Scrie-mi aici, pe adresa <a rel=\"noreferrer noopener\" href=\"mailto:inscrieri@imagematters.ro\" data-type=\"mailto\" data-id=\"mailto:inscrieri@imagematters.ro\" target=\"_blank\">\u00eenscrieri@imagematters.ro<\/a>. Va fi nevoie sa \u00eemi trimi\u021bi m\u0103sur\u0103torile tale (de la un um\u0103r la altul, circumferin\u021b\u0103 peste bust, piept, talie \u0219i solduri), \u00eempreun\u0103 cu un set de fotografii full body. Iti voi trimite instruc\u021biunile pentru aceste fotografii pe mail, \u00eempreun\u0103 cu coordonatele pentru plata. <\/p>\n\n\n\n<p>La scurt timp dup\u0103 ce primesc confirmarea pl\u0103\u021bii, \u00eencep s\u0103-\u021bi lucrez fisa stilistica, care include identificarea conforma\u021biei \u0219i propor\u021biilor tale, recomand\u0103rile de \u021binute, principiile de styling potrivite morfologiei tale, c\u0103utarea de imagini cu \u021binute care sa ilustreze c\u00e2t mai multe tipuri de outfituri \u0219i combina\u021bii, precum \u0219i o lista a atelierelor, magazinelor, site-urilor pe care \u021bi le recomand. Vei primi pe mail un link c\u0103tre calendarul meu online, ca sa iti po\u021bi alege ziua \u0219i intervalul orar cele mai potrivite programului t\u0103u, iar apoi linkul de Zoom pe care \u00eel vom folosi \u00een timpul \u0219edin\u021bei.<\/p>\n\n\n\n<p>Dup\u0103 \u00eent\u00e2lnirea online, prime\u0219ti \u00een format digital (pdf) tot suportul de curs.&nbsp;<\/p>\n\n\n\n<p><\/p>\n\n\n\n<div class=\"wp-block-buttons is-content-justification-center is-layout-flex wp-container-core-buttons-is-layout-16018d1d wp-block-buttons-is-layout-flex\">\n<div class=\"wp-block-button has-custom-width wp-block-button__width-50 has-custom-font-size is-style-fill has-medium-font-size\"><a class=\"wp-block-button__link has-white-color has-vivid-red-background-color has-text-color has-background has-text-align-center wp-element-button\" href=\"mailto:inscrieri@imagematters.ro\" target=\"_blank\" rel=\"noreferrer noopener\">Vreau sa invat cum sa ma imbrac!<\/a><\/div>\n<\/div>\n\n\n\n<p><\/p>\n\n\n\n<p class=\"has-small-font-size\"><strong><em>Termeni si conditii pentru serviciul de Arhitectura siluetei<\/em><\/strong><\/p>\n\n\n\n<p class=\"has-small-font-size\">\u2022 Serviciul achizi\u021bionat poate fi programat \u00een termen de maxim 4 luni calendaristice de la data achizi\u021biei.<\/p>\n\n\n\n<p class=\"has-small-font-size\">\u2022 Sunt acceptate un num\u0103r de maxim 2 reprogram\u0103ri din partea beneficiarului, cu condi\u021bia ca acestea sa fie anun\u021bate cu minim 48 de ore \u00eenaintea datei stabilite pentru \u0219edin\u021ba<\/p>\n\n\n\n<p class=\"has-small-font-size\">\u2022 Anuntarea anularii sau reprogramarii unei sedinte cu mai putin de 48 de ore avans implica considerarea respectivei sedinte ca fiind realizata.<\/p>\n\n\n\n<p><em>Pentru mai multe detalii, citeste <a rel=\"noreferrer noopener\" href=\"https:\/\/www.stylediary.ro\/wordpress\/termeni-si-conditii-la-inscrierea-in-sedinte-individuale-ateliere-si-programe-de-grup\/\" data-type=\"URL\" data-id=\"https:\/\/www.stylediary.ro\/wordpress\/termeni-si-conditii-la-inscrierea-in-sedinte-individuale-ateliere-si-programe-de-grup\/\" target=\"_blank\">pagina de Termeni si conditii<\/a>.<\/em><\/p>\n","protected":false},"excerpt":{"rendered":"<p>Sa \u0219tii cum sa iti \u00eembraci corect silueta este aspectul de baza al construirii unui stil personal inconfundabil, armonios \u0219i autentic. O data ce \u00eencepi sa pui \u00een aplicare principiile de styling invatate, nu vei mai avea \u00eendoieli cu privire la frumuse\u021bea \u021binutelor tale, nu vei mai pierde timp la shopping \u0219i nu vei mai [&hellip;]<\/p>\n","protected":false},"author":1,"featured_media":24132,"parent":0,"menu_order":0,"comment_status":"closed","ping_status":"closed","template":"","meta":{"footnotes":""},"class_list":["post-24131","page","type-page","status-publish","has-post-thumbnail","hentry"],"jetpack_sharing_enabled":true,"_links":{"self":[{"href":"https:\/\/www.stylediary.ro\/wordpress\/wp-json\/wp\/v2\/pages\/24131","targetHints":{"allow":["GET"]}}],"collection":[{"href":"https:\/\/www.stylediary.ro\/wordpress\/wp-json\/wp\/v2\/pages"}],"about":[{"href":"https:\/\/www.stylediary.ro\/wordpress\/wp-json\/wp\/v2\/types\/page"}],"author":[{"embeddable":true,"href":"https:\/\/www.stylediary.ro\/wordpress\/wp-json\/wp\/v2\/users\/1"}],"replies":[{"embeddable":true,"href":"https:\/\/www.stylediary.ro\/wordpress\/wp-json\/wp\/v2\/comments?post=24131"}],"version-history":[{"count":9,"href":"https:\/\/www.stylediary.ro\/wordpress\/wp-json\/wp\/v2\/pages\/24131\/revisions"}],"predecessor-version":[{"id":24226,"href":"https:\/\/www.stylediary.ro\/wordpress\/wp-json\/wp\/v2\/pages\/24131\/revisions\/24226"}],"wp:featuredmedia":[{"embeddable":true,"href":"https:\/\/www.stylediary.ro\/wordpress\/wp-json\/wp\/v2\/media\/24132"}],"wp:attachment":[{"href":"https:\/\/www.stylediary.ro\/wordpress\/wp-json\/wp\/v2\/media?parent=24131"}],"curies":[{"name":"wp","href":"https:\/\/api.w.org\/{rel}","templated":true}]}}